{"id":2,"date":"2023-01-02T15:06:35","date_gmt":"2023-01-02T15:06:35","guid":{"rendered":"https:\/\/konomialservices.net\/?page_id=2"},"modified":"2023-01-03T16:59:09","modified_gmt":"2023-01-03T16:59:09","slug":"pagina-ejemplo","status":"publish","type":"page","link":"https:\/\/konomialservices.net\/index.php\/pagina-ejemplo\/","title":{"rendered":"Bienvenidos al nuevo a\u00f1o."},"content":{"rendered":"\n<p>No nos enga\u00f1emos. T\u00fa lo sabes, yo lo se. Esta p\u00e1gina es FALSA. Pero no sufras, al final del d\u00eda todas las p\u00e1ginas son falsas. Quiz\u00e1 lo que te preocupa es el prop\u00f3sito de esta p\u00e1gina. En tal caso, me temo que no puedo ayudarte. Esta p\u00e1gina es solamente una excusa para estirar mis musculos de IT. En mi cabeza sono mas o menos  as\u00ed:<\/p>\n\n\n\n<blockquote class=\"wp-block-quote is-layout-flow wp-block-quote-is-layout-flow\">\n<p>No puede ser, no puedo seguir diciendo que se montar un wordpress cuando nunca me he molestado ni en descargar el paquete. \u00a1Tendre un blog! \u00a1Digno de los a\u00f1os 2000!<\/p>\n<cite>MKP en algun momento hace unos a\u00f1os<\/cite><\/blockquote>\n\n\n\n<p>\u2026o algo as\u00ed:<\/p>\n\n\n\n<blockquote class=\"wp-block-quote is-layout-flow wp-block-quote-is-layout-flow\">\n<p>&#8230;la verdad es que tener una Raspberry Pi solo para la VPN suena a desperdicio. A lo mejor puedo hacer algo mas con ella&#8230; \u00bfY si hago una web? Ya vere sobre la marcha que es lo que pongo.<\/p>\n<cite>MKP probablemente tambi\u00e9n hace unos a\u00f1os<\/cite><\/blockquote>\n\n\n\n<p>Spoiler: El contenido que ha acabado abriendose paso en esta p\u00e1gina es, bajo cualquier baremo, basura. \u00a1Disfruta (la fruta \ud83c\udf4c)!<\/p>\n","protected":false},"excerpt":{"rendered":"<p>No nos enga\u00f1emos. T\u00fa lo sabes, yo lo se. Esta p\u00e1gina es FALSA. Pero no sufras, al final del d\u00eda todas las p\u00e1ginas son falsas. Quiz\u00e1 lo que te preocupa es el prop\u00f3sito de esta p\u00e1gina. En tal caso, me temo que no puedo ayudarte. Esta p\u00e1gina es solamente una excusa para estirar mis musculos [&hellip;]<\/p>\n","protected":false},"author":1,"featured_media":0,"parent":0,"menu_order":0,"comment_status":"closed","ping_status":"open","template":"","meta":{"footnotes":""},"class_list":["post-2","page","type-page","status-publish","hentry"],"_links":{"self":[{"href":"https:\/\/konomialservices.net\/index.php\/wp-json\/wp\/v2\/pages\/2","targetHints":{"allow":["GET"]}}],"collection":[{"href":"https:\/\/konomialservices.net\/index.php\/wp-json\/wp\/v2\/pages"}],"about":[{"href":"https:\/\/konomialservices.net\/index.php\/wp-json\/wp\/v2\/types\/page"}],"author":[{"embeddable":true,"href":"https:\/\/konomialservices.net\/index.php\/wp-json\/wp\/v2\/users\/1"}],"replies":[{"embeddable":true,"href":"https:\/\/konomialservices.net\/index.php\/wp-json\/wp\/v2\/comments?post=2"}],"version-history":[{"count":3,"href":"https:\/\/konomialservices.net\/index.php\/wp-json\/wp\/v2\/pages\/2\/revisions"}],"predecessor-version":[{"id":43,"href":"https:\/\/konomialservices.net\/index.php\/wp-json\/wp\/v2\/pages\/2\/revisions\/43"}],"wp:attachment":[{"href":"https:\/\/konomialservices.net\/index.php\/wp-json\/wp\/v2\/media?parent=2"}],"curies":[{"name":"wp","href":"https:\/\/api.w.org\/{rel}","templated":true}]}}